{"id":8,"date":"2015-01-18T22:04:25","date_gmt":"2015-01-18T22:04:25","guid":{"rendered":"http:\/\/mediapsy:8080\/?page_id=8"},"modified":"2022-08-23T20:22:38","modified_gmt":"2022-08-23T19:22:38","slug":"membres","status":"publish","type":"page","link":"https:\/\/mediapsyazur.com\/?page_id=8","title":{"rendered":"L&rsquo; \u00e9quipe"},"content":{"rendered":"<h2>Les acteurs de Mediapsy azur<\/h2>\n<p style=\"text-align: justify;\"><strong>Le regroupement de plusieurs types de comp\u00e9tences sous un toit commun, permet d\u2019apporter des \u00e9clairages diff\u00e9rents et d\u2019\u00e9tablir des collaborations avec des th\u00e9rapeutes qui abordent le sympt\u00f4me avec des approches sp\u00e9cifiques. Psychologues cliniciens, psychologue du travail, \u00e9ducateur sp\u00e9cialis\u00e9, enseignant,\u00a0 \u00e9ducateur canin, v\u00e9t\u00e9rinaire, contribuent \u00e0 soutenir l\u2019action de l\u2019association, qui se veut tout autant lieu de r\u00e9flexions que d\u2019actions.<\/strong><\/p>\n<h2><strong>Membres fondateurs<\/strong><\/h2>\n<p><strong>Laurence Gotlib, psychologue clinicienne<\/strong><\/p>\n<p><strong>Eric Brayer, psychologue clinicien, psychanalyste, docteur en psychologie<\/strong><\/p>\n<p><strong>Ga\u00ebtane Denham, secr\u00e9taire g\u00e9n\u00e9rale de l&rsquo;APELEC &#8211;\u00a0association des parents d\u2019\u00e9l\u00e8ves d\u2019Antibes<\/strong><\/p>\n<h2><strong>Bureau de l&rsquo;association<\/strong><\/h2>\n<p><strong>Pr\u00e9sidente : Sabrina Gotlib<\/strong><\/p>\n<p><strong>Tr\u00e9sori\u00e8re : Nadia Boigey<\/strong><\/p>\n<h2><strong>Membres d&rsquo;honneur<\/strong><\/h2>\n<p><strong>P\u00e8re Guy Gilbert, pr\u00eatre \u00e9ducateur<\/strong><\/p>\n<h2><strong>\u00c9quipe de chiens m\u00e9diateurs<\/strong><\/h2>\n<div class=\"tiled-gallery type-rectangular tiled-gallery-unresized\" data-original-width=\"750\" data-carousel-extra='{&quot;blog_id&quot;:1,&quot;permalink&quot;:&quot;https:\\\/\\\/mediapsyazur.com\\\/?page_id=8&quot;,&quot;likes_blog_id&quot;:240228803}' itemscope itemtype=\"http:\/\/schema.org\/ImageGallery\" > <div class=\"gallery-row\" style=\"width: 750px; height: 200px;\" data-original-width=\"750\" data-original-height=\"200\" > <div class=\"gallery-group images-1\" style=\"width: 297px; height: 200px;\" data-original-width=\"297\" data-original-height=\"200\" > <div class=\"tiled-gallery-item tiled-gallery-item-large\" itemprop=\"associatedMedia\" itemscope itemtype=\"http:\/\/schema.org\/ImageObject\"> <a href=\"https:\/\/mediapsyazur.com\/?attachment_id=1490\" border=\"0\" itemprop=\"url\"> <meta itemprop=\"width\" content=\"293\"> <meta itemprop=\"height\" content=\"196\"> <img decoding=\"async\" class=\"\" data-attachment-id=\"1490\" data-orig-file=\"https:\/\/mediapsyazur.com\/wp-content\/uploads\/2015\/01\/gipsy.jpg\" data-orig-size=\"1000,667\" data-comments-opened=\"1\" data-image-meta=\"{&quot;aperture&quot;:&quot;0&quot;,&quot;credit&quot;:&quot;&quot;,&quot;camera&quot;:&quot;&quot;,&quot;caption&quot;:&quot;&quot;,&quot;created_timestamp&quot;:&quot;0&quot;,&quot;copyright&quot;:&quot;&quot;,&quot;focal_length&quot;:&quot;0&quot;,&quot;iso&quot;:&quot;0&quot;,&quot;shutter_speed&quot;:&quot;0&quot;,&quot;title&quot;:&quot;&quot;,&quot;orientation&quot;:&quot;0&quot;}\" data-image-title=\"gipsy\" data-image-description=\"\" data-medium-file=\"https:\/\/mediapsyazur.com\/wp-content\/uploads\/2015\/01\/gipsy-300x200.jpg\" data-large-file=\"https:\/\/mediapsyazur.com\/wp-content\/uploads\/2015\/01\/gipsy.jpg\" src=\"https:\/\/i0.wp.com\/mediapsyazur.com\/wp-content\/uploads\/2015\/01\/gipsy.jpg?w=293&#038;h=196&#038;ssl=1\" srcset=\"https:\/\/mediapsyazur.com\/wp-content\/uploads\/2015\/01\/gipsy.jpg 1000w, https:\/\/mediapsyazur.com\/wp-content\/uploads\/2015\/01\/gipsy-300x200.jpg 300w, https:\/\/mediapsyazur.com\/wp-content\/uploads\/2015\/01\/gipsy-768x512.jpg 768w\" width=\"293\" height=\"196\" loading=\"lazy\" data-original-width=\"293\" data-original-height=\"196\" itemprop=\"http:\/\/schema.org\/image\" title=\"gipsy\" alt=\"Gipsy, chien-mediateur berger australien\" style=\"width: 293px; height: 196px;\" \/> <\/a> <div class=\"tiled-gallery-caption\" itemprop=\"caption description\"> Gipsy, chien-mediateur berger australien <\/div> <\/div> <\/div> <!-- close group --> <div class=\"gallery-group images-1\" style=\"width: 151px; height: 200px;\" data-original-width=\"151\" data-original-height=\"200\" > <div class=\"tiled-gallery-item tiled-gallery-item-small\" itemprop=\"associatedMedia\" itemscope itemtype=\"http:\/\/schema.org\/ImageObject\"> <a href=\"https:\/\/mediapsyazur.com\/?attachment_id=1491\" border=\"0\" itemprop=\"url\"> <meta itemprop=\"width\" content=\"147\"> <meta itemprop=\"height\" content=\"196\"> <img decoding=\"async\" class=\"\" data-attachment-id=\"1491\" data-orig-file=\"https:\/\/mediapsyazur.com\/wp-content\/uploads\/2015\/01\/lisou.jpg\" data-orig-size=\"768,1024\" data-comments-opened=\"1\" data-image-meta=\"{&quot;aperture&quot;:&quot;0&quot;,&quot;credit&quot;:&quot;&quot;,&quot;camera&quot;:&quot;&quot;,&quot;caption&quot;:&quot;&quot;,&quot;created_timestamp&quot;:&quot;0&quot;,&quot;copyright&quot;:&quot;&quot;,&quot;focal_length&quot;:&quot;0&quot;,&quot;iso&quot;:&quot;0&quot;,&quot;shutter_speed&quot;:&quot;0&quot;,&quot;title&quot;:&quot;&quot;,&quot;orientation&quot;:&quot;0&quot;}\" data-image-title=\"lisou\" data-image-description=\"\" data-medium-file=\"https:\/\/mediapsyazur.com\/wp-content\/uploads\/2015\/01\/lisou-225x300.jpg\" data-large-file=\"https:\/\/mediapsyazur.com\/wp-content\/uploads\/2015\/01\/lisou-768x1024.jpg\" src=\"https:\/\/i0.wp.com\/mediapsyazur.com\/wp-content\/uploads\/2015\/01\/lisou.jpg?w=147&#038;h=196&#038;ssl=1\" srcset=\"https:\/\/mediapsyazur.com\/wp-content\/uploads\/2015\/01\/lisou.jpg 768w, https:\/\/mediapsyazur.com\/wp-content\/uploads\/2015\/01\/lisou-225x300.jpg 225w\" width=\"147\" height=\"196\" loading=\"lazy\" data-original-width=\"147\" data-original-height=\"196\" itemprop=\"http:\/\/schema.org\/image\" title=\"lisou\" alt=\"Lizou, chien-mediateur labrador, ex-chien-guide d&#039;aveugle\" style=\"width: 147px; height: 196px;\" \/> <\/a> <div class=\"tiled-gallery-caption\" itemprop=\"caption description\"> Lizou, chien-mediateur labrador, ex-chien-guide d&rsquo;aveugle <\/div> <\/div> <\/div> <!-- close group --> <div class=\"gallery-group images-1\" style=\"width: 151px; height: 200px;\" data-original-width=\"151\" data-original-height=\"200\" > <div class=\"tiled-gallery-item tiled-gallery-item-small\" itemprop=\"associatedMedia\" itemscope itemtype=\"http:\/\/schema.org\/ImageObject\"> <a href=\"https:\/\/mediapsyazur.com\/?attachment_id=673\" border=\"0\" itemprop=\"url\"> <meta itemprop=\"width\" content=\"147\"> <meta itemprop=\"height\" content=\"196\"> <img decoding=\"async\" class=\"\" data-attachment-id=\"673\" data-orig-file=\"https:\/\/mediapsyazur.com\/wp-content\/uploads\/2019\/02\/Iago.jpg\" data-orig-size=\"767,1024\" data-comments-opened=\"1\" data-image-meta=\"{&quot;aperture&quot;:&quot;0&quot;,&quot;credit&quot;:&quot;&quot;,&quot;camera&quot;:&quot;&quot;,&quot;caption&quot;:&quot;&quot;,&quot;created_timestamp&quot;:&quot;0&quot;,&quot;copyright&quot;:&quot;&quot;,&quot;focal_length&quot;:&quot;0&quot;,&quot;iso&quot;:&quot;0&quot;,&quot;shutter_speed&quot;:&quot;0&quot;,&quot;title&quot;:&quot;&quot;,&quot;orientation&quot;:&quot;0&quot;}\" data-image-title=\"Lago\" data-image-description=\"\" data-medium-file=\"https:\/\/mediapsyazur.com\/wp-content\/uploads\/2019\/02\/Iago-225x300.jpg\" data-large-file=\"https:\/\/mediapsyazur.com\/wp-content\/uploads\/2019\/02\/Iago-767x1024.jpg\" src=\"https:\/\/i0.wp.com\/mediapsyazur.com\/wp-content\/uploads\/2019\/02\/Iago.jpg?w=147&#038;h=196&#038;ssl=1\" srcset=\"https:\/\/mediapsyazur.com\/wp-content\/uploads\/2019\/02\/Iago.jpg 767w, https:\/\/mediapsyazur.com\/wp-content\/uploads\/2019\/02\/Iago-225x300.jpg 225w\" width=\"147\" height=\"196\" loading=\"lazy\" data-original-width=\"147\" data-original-height=\"196\" itemprop=\"http:\/\/schema.org\/image\" title=\"Lago\" alt=\"Iago, chien-mediateur berger allemand\" style=\"width: 147px; height: 196px;\" \/> <\/a> <div class=\"tiled-gallery-caption\" itemprop=\"caption description\"> Iago, chien-mediateur berger allemand <\/div> <\/div> <\/div> <!-- close group --> <div class=\"gallery-group images-1\" style=\"width: 151px; height: 200px;\" data-original-width=\"151\" data-original-height=\"200\" > <div class=\"tiled-gallery-item tiled-gallery-item-small\" itemprop=\"associatedMedia\" itemscope itemtype=\"http:\/\/schema.org\/ImageObject\"> <a href=\"https:\/\/mediapsyazur.com\/?attachment_id=674\" border=\"0\" itemprop=\"url\"> <meta itemprop=\"width\" content=\"147\"> <meta itemprop=\"height\" content=\"196\"> <img decoding=\"async\" class=\"\" data-attachment-id=\"674\" data-orig-file=\"https:\/\/mediapsyazur.com\/wp-content\/uploads\/2019\/02\/Ines.jpg\" data-orig-size=\"768,1024\" data-comments-opened=\"1\" data-image-meta=\"{&quot;aperture&quot;:&quot;0&quot;,&quot;credit&quot;:&quot;&quot;,&quot;camera&quot;:&quot;&quot;,&quot;caption&quot;:&quot;&quot;,&quot;created_timestamp&quot;:&quot;0&quot;,&quot;copyright&quot;:&quot;&quot;,&quot;focal_length&quot;:&quot;0&quot;,&quot;iso&quot;:&quot;0&quot;,&quot;shutter_speed&quot;:&quot;0&quot;,&quot;title&quot;:&quot;&quot;,&quot;orientation&quot;:&quot;0&quot;}\" data-image-title=\"Ines\" data-image-description=\"\" data-medium-file=\"https:\/\/mediapsyazur.com\/wp-content\/uploads\/2019\/02\/Ines-225x300.jpg\" data-large-file=\"https:\/\/mediapsyazur.com\/wp-content\/uploads\/2019\/02\/Ines-768x1024.jpg\" src=\"https:\/\/i0.wp.com\/mediapsyazur.com\/wp-content\/uploads\/2019\/02\/Ines.jpg?w=147&#038;h=196&#038;ssl=1\" srcset=\"https:\/\/mediapsyazur.com\/wp-content\/uploads\/2019\/02\/Ines.jpg 768w, https:\/\/mediapsyazur.com\/wp-content\/uploads\/2019\/02\/Ines-225x300.jpg 225w\" width=\"147\" height=\"196\" loading=\"lazy\" data-original-width=\"147\" data-original-height=\"196\" itemprop=\"http:\/\/schema.org\/image\" title=\"Ines\" alt=\"Ines, chien-mediateur Pinscher\" style=\"width: 147px; height: 196px;\" \/> <\/a> <div class=\"tiled-gallery-caption\" itemprop=\"caption description\"> Ines, chien-mediateur Pinscher <\/div> <\/div> <\/div> <!-- close group --> <\/div> <!-- close row --> <\/div>\n<h2><strong>Partenaires<\/strong><\/h2>\n<p><strong>Des partenaires nous soutiennent:<\/strong><\/p>\n<ul>\n<li><strong><span style=\"color: #0000ff;\">Mairie d&rsquo;Antibes<\/span><\/strong><\/li>\n<li><strong><span style=\"color: #0000ff;\">Centre Hospitalier d&rsquo;Antibes<\/span><\/strong><\/li>\n<li><strong><span style=\"color: #0000ff;\">Maison d&rsquo;Arr\u00eat de Grasse<\/span><\/strong><\/li>\n<li><strong><span style=\"color: #0000ff;\">Institut national de psychoboxe\u00a0<\/span><\/strong><\/li>\n<li><strong><span style=\"color: #0000ff;\">Protection Judiciaire de la Jeunesse, Grasse<\/span><\/strong><\/li>\n<li><strong><span style=\"color: #0000ff;\">Foyer de l&rsquo;enfance 06<\/span><\/strong><\/li>\n<\/ul>\n\n\t\t<style type=\"text\/css\">\n\t\t\t#gallery-2 {\n\t\t\t\tmargin: auto;\n\t\t\t}\n\t\t\t#gallery-2 .gallery-item {\n\t\t\t\tfloat: left;\n\t\t\t\tmargin-top: 10px;\n\t\t\t\ttext-align: center;\n\t\t\t\twidth: 33%;\n\t\t\t}\n\t\t\t#gallery-2 img {\n\t\t\t\tborder: 2px solid #cfcfcf;\n\t\t\t}\n\t\t\t#gallery-2 .gallery-caption {\n\t\t\t\tmargin-left: 0;\n\t\t\t}\n\t\t\t\/* see gallery_shortcode() in wp-includes\/media.php *\/\n\t\t<\/style>\n\t\t<div data-carousel-extra='{\"blog_id\":1,\"permalink\":\"https:\\\/\\\/mediapsyazur.com\\\/?page_id=8\"}' id='gallery-2' class='gallery galleryid-8 gallery-columns-3 gallery-size-medium'><dl class='gallery-item'>\n\t\t\t<dt class='gallery-icon landscape'>\n\t\t\t\t<a href='https:\/\/mediapsyazur.com\/wp-content\/uploads\/2015\/01\/logo-emcga.jpg'><img loading=\"lazy\" decoding=\"async\" width=\"300\" height=\"134\" src=\"https:\/\/mediapsyazur.com\/wp-content\/uploads\/2015\/01\/logo-emcga-300x134.jpg\" class=\"attachment-medium size-medium\" alt=\"\" aria-describedby=\"gallery-2-629\" srcset=\"https:\/\/mediapsyazur.com\/wp-content\/uploads\/2015\/01\/logo-emcga-300x134.jpg 300w, https:\/\/mediapsyazur.com\/wp-content\/uploads\/2015\/01\/logo-emcga-768x344.jpg 768w, https:\/\/mediapsyazur.com\/wp-content\/uploads\/2015\/01\/logo-emcga.jpg 1024w\" sizes=\"auto, (max-width: 300px) 100vw, 300px\" data-attachment-id=\"629\" data-permalink=\"https:\/\/mediapsyazur.com\/?attachment_id=629\" data-orig-file=\"https:\/\/mediapsyazur.com\/wp-content\/uploads\/2015\/01\/logo-emcga.jpg\" data-orig-size=\"1024,458\" data-comments-opened=\"1\" data-image-meta=\"{&quot;aperture&quot;:&quot;0&quot;,&quot;credit&quot;:&quot;&quot;,&quot;camera&quot;:&quot;&quot;,&quot;caption&quot;:&quot;&quot;,&quot;created_timestamp&quot;:&quot;0&quot;,&quot;copyright&quot;:&quot;&quot;,&quot;focal_length&quot;:&quot;0&quot;,&quot;iso&quot;:&quot;0&quot;,&quot;shutter_speed&quot;:&quot;0&quot;,&quot;title&quot;:&quot;&quot;,&quot;orientation&quot;:&quot;0&quot;}\" data-image-title=\"Ecole chiens-guides d&amp;rsquo;aveugles d&amp;rsquo;Antibes-Biot\" data-image-description=\"\" data-image-caption=\"&lt;p&gt;EMCGA&lt;\/p&gt;\n\" data-medium-file=\"https:\/\/mediapsyazur.com\/wp-content\/uploads\/2015\/01\/logo-emcga-300x134.jpg\" data-large-file=\"https:\/\/mediapsyazur.com\/wp-content\/uploads\/2015\/01\/logo-emcga-1024x458.jpg\" \/><\/a>\n\t\t\t<\/dt>\n\t\t\t\t<dd class='wp-caption-text gallery-caption' id='gallery-2-629'>\n\t\t\t\tEMCGA\n\t\t\t\t<\/dd><\/dl><dl class='gallery-item'>\n\t\t\t<dt class='gallery-icon portrait'>\n\t\t\t\t<a href='https:\/\/mediapsyazur.com\/wp-content\/uploads\/2015\/01\/logo-ministere-justice-pjj-2017-min.jpg'><img loading=\"lazy\" decoding=\"async\" width=\"265\" height=\"300\" src=\"https:\/\/mediapsyazur.com\/wp-content\/uploads\/2015\/01\/logo-ministere-justice-pjj-2017-min-265x300.jpg\" class=\"attachment-medium size-medium\" alt=\"\" aria-describedby=\"gallery-2-613\" srcset=\"https:\/\/mediapsyazur.com\/wp-content\/uploads\/2015\/01\/logo-ministere-justice-pjj-2017-min-265x300.jpg 265w, https:\/\/mediapsyazur.com\/wp-content\/uploads\/2015\/01\/logo-ministere-justice-pjj-2017-min.jpg 384w\" sizes=\"auto, (max-width: 265px) 100vw, 265px\" data-attachment-id=\"613\" data-permalink=\"https:\/\/mediapsyazur.com\/?attachment_id=613\" data-orig-file=\"https:\/\/mediapsyazur.com\/wp-content\/uploads\/2015\/01\/logo-ministere-justice-pjj-2017-min.jpg\" data-orig-size=\"384,434\" data-comments-opened=\"1\" data-image-meta=\"{&quot;aperture&quot;:&quot;0&quot;,&quot;credit&quot;:&quot;&quot;,&quot;camera&quot;:&quot;&quot;,&quot;caption&quot;:&quot;&quot;,&quot;created_timestamp&quot;:&quot;0&quot;,&quot;copyright&quot;:&quot;&quot;,&quot;focal_length&quot;:&quot;0&quot;,&quot;iso&quot;:&quot;0&quot;,&quot;shutter_speed&quot;:&quot;0&quot;,&quot;title&quot;:&quot;&quot;,&quot;orientation&quot;:&quot;0&quot;}\" data-image-title=\"Logo ministere de la justice\" data-image-description=\"\" data-image-caption=\"&lt;p&gt;Protection judiciaire de la jeunesse&lt;\/p&gt;\n\" data-medium-file=\"https:\/\/mediapsyazur.com\/wp-content\/uploads\/2015\/01\/logo-ministere-justice-pjj-2017-min-265x300.jpg\" data-large-file=\"https:\/\/mediapsyazur.com\/wp-content\/uploads\/2015\/01\/logo-ministere-justice-pjj-2017-min.jpg\" \/><\/a>\n\t\t\t<\/dt>\n\t\t\t\t<dd class='wp-caption-text gallery-caption' id='gallery-2-613'>\n\t\t\t\tProtection judiciaire de la jeunesse\n\t\t\t\t<\/dd><\/dl><dl class='gallery-item'>\n\t\t\t<dt class='gallery-icon landscape'>\n\t\t\t\t<a href='https:\/\/mediapsyazur.com\/wp-content\/uploads\/2015\/01\/inp.png'><img loading=\"lazy\" decoding=\"async\" width=\"300\" height=\"98\" src=\"https:\/\/mediapsyazur.com\/wp-content\/uploads\/2015\/01\/inp-300x98.png\" class=\"attachment-medium size-medium\" alt=\"\" aria-describedby=\"gallery-2-1454\" data-attachment-id=\"1454\" data-permalink=\"https:\/\/mediapsyazur.com\/?attachment_id=1454\" data-orig-file=\"https:\/\/mediapsyazur.com\/wp-content\/uploads\/2015\/01\/inp.png\" data-orig-size=\"300,98\" data-comments-opened=\"1\" data-image-meta=\"{&quot;aperture&quot;:&quot;0&quot;,&quot;credit&quot;:&quot;&quot;,&quot;camera&quot;:&quot;&quot;,&quot;caption&quot;:&quot;&quot;,&quot;created_timestamp&quot;:&quot;0&quot;,&quot;copyright&quot;:&quot;&quot;,&quot;focal_length&quot;:&quot;0&quot;,&quot;iso&quot;:&quot;0&quot;,&quot;shutter_speed&quot;:&quot;0&quot;,&quot;title&quot;:&quot;&quot;,&quot;orientation&quot;:&quot;0&quot;}\" data-image-title=\"inp\" data-image-description=\"\" data-image-caption=\"&lt;p&gt;Institut National de Psychoboxe&lt;\/p&gt;\n\" data-medium-file=\"https:\/\/mediapsyazur.com\/wp-content\/uploads\/2015\/01\/inp-300x98.png\" data-large-file=\"https:\/\/mediapsyazur.com\/wp-content\/uploads\/2015\/01\/inp.png\" \/><\/a>\n\t\t\t<\/dt>\n\t\t\t\t<dd class='wp-caption-text gallery-caption' id='gallery-2-1454'>\n\t\t\t\tInstitut National de Psychoboxe\n\t\t\t\t<\/dd><\/dl><br style=\"clear: both\" \/>\n\t\t<\/div>\n\n","protected":false},"excerpt":{"rendered":"<p>Les acteurs de Mediapsy azur Le regroupement de plusieurs types de comp\u00e9tences sous un toit commun, permet d\u2019apporter des \u00e9clairages diff\u00e9rents et d\u2019\u00e9tablir des collaborations avec des th\u00e9rapeutes qui abordent le sympt\u00f4me avec des approches sp\u00e9cifiques. Psychologues cliniciens, psychologue du travail, \u00e9ducateur sp\u00e9cialis\u00e9, enseignant,\u00a0 \u00e9ducateur canin, v\u00e9t\u00e9rinaire, contribuent \u00e0 soutenir l\u2019action de l\u2019association, qui se [&hellip;]<\/p>\n","protected":false},"author":1,"featured_media":0,"parent":0,"menu_order":0,"comment_status":"closed","ping_status":"open","template":"","meta":{"footnotes":""},"class_list":["post-8","page","type-page","status-publish","hentry"],"jetpack_sharing_enabled":true,"_links":{"self":[{"href":"https:\/\/mediapsyazur.com\/index.php?rest_route=\/wp\/v2\/pages\/8","targetHints":{"allow":["GET"]}}],"collection":[{"href":"https:\/\/mediapsyazur.com\/index.php?rest_route=\/wp\/v2\/pages"}],"about":[{"href":"https:\/\/mediapsyazur.com\/index.php?rest_route=\/wp\/v2\/types\/page"}],"author":[{"embeddable":true,"href":"https:\/\/mediapsyazur.com\/index.php?rest_route=\/wp\/v2\/users\/1"}],"replies":[{"embeddable":true,"href":"https:\/\/mediapsyazur.com\/index.php?rest_route=%2Fwp%2Fv2%2Fcomments&post=8"}],"version-history":[{"count":42,"href":"https:\/\/mediapsyazur.com\/index.php?rest_route=\/wp\/v2\/pages\/8\/revisions"}],"predecessor-version":[{"id":2073,"href":"https:\/\/mediapsyazur.com\/index.php?rest_route=\/wp\/v2\/pages\/8\/revisions\/2073"}],"wp:attachment":[{"href":"https:\/\/mediapsyazur.com\/index.php?rest_route=%2Fwp%2Fv2%2Fmedia&parent=8"}],"curies":[{"name":"wp","href":"https:\/\/api.w.org\/{rel}","templated":true}]}}