{"id":79,"date":"2015-01-29T23:22:13","date_gmt":"2015-01-29T22:22:13","guid":{"rendered":"http:\/\/mediapsy:8080\/?page_id=79"},"modified":"2022-08-23T20:31:01","modified_gmt":"2022-08-23T19:31:01","slug":"pole-reinsertion-sociale","status":"publish","type":"page","link":"https:\/\/mediapsyazur.com\/?page_id=79","title":{"rendered":"R\u00e9insertion sociale"},"content":{"rendered":"<p style=\"text-align: justify;\">Que faire apr\u00e8s un traumatisme, un d\u00e9crochage social: situation de crise, sortie de prison, p\u00e9riode de ch\u00f4mage, maladie, accident de vie?<\/p>\n<p style=\"text-align: justify;\">La difficult\u00e9 \u00e0 imaginer une fonction, une inscription dans le lien social\u00a0 d\u00e9passe souvent le cadre individuel, et t\u00e9moigne du malaise culturel. En cela notre action se situe tout autant sur un plan individuel que sur un travail de construction du\u00a0 lien social.<\/p>\n<ul>\n<li style=\"text-align: justify;\">groupes de paroles<\/li>\n<li style=\"text-align: justify;\">entretiens individuels ou familiaux<\/li>\n<li style=\"text-align: justify;\">travail en <a href=\"http:\/\/mediapsyazur.com\/?page_id=166\">m\u00e9diation animale<\/a><\/li>\n<li style=\"text-align: justify;\">Travail en <a href=\"http:\/\/mediapsyazur.com\/?page_id=166\">ateliers de gestion de la violence<\/a><\/li>\n<\/ul>\n","protected":false},"excerpt":{"rendered":"<p>Que faire apr\u00e8s un traumatisme, un d\u00e9crochage social: situation de crise, sortie de prison, p\u00e9riode de ch\u00f4mage, maladie, accident de vie? La difficult\u00e9 \u00e0 imaginer une fonction, une inscription dans le lien social\u00a0 d\u00e9passe souvent le cadre individuel, et t\u00e9moigne du malaise culturel. En cela notre action se situe tout autant sur un plan individuel [&hellip;]<\/p>\n","protected":false},"author":1,"featured_media":0,"parent":23,"menu_order":0,"comment_status":"open","ping_status":"open","template":"","meta":{"footnotes":""},"class_list":["post-79","page","type-page","status-publish","hentry"],"jetpack_sharing_enabled":true,"_links":{"self":[{"href":"https:\/\/mediapsyazur.com\/index.php?rest_route=\/wp\/v2\/pages\/79","targetHints":{"allow":["GET"]}}],"collection":[{"href":"https:\/\/mediapsyazur.com\/index.php?rest_route=\/wp\/v2\/pages"}],"about":[{"href":"https:\/\/mediapsyazur.com\/index.php?rest_route=\/wp\/v2\/types\/page"}],"author":[{"embeddable":true,"href":"https:\/\/mediapsyazur.com\/index.php?rest_route=\/wp\/v2\/users\/1"}],"replies":[{"embeddable":true,"href":"https:\/\/mediapsyazur.com\/index.php?rest_route=%2Fwp%2Fv2%2Fcomments&post=79"}],"version-history":[{"count":14,"href":"https:\/\/mediapsyazur.com\/index.php?rest_route=\/wp\/v2\/pages\/79\/revisions"}],"predecessor-version":[{"id":2076,"href":"https:\/\/mediapsyazur.com\/index.php?rest_route=\/wp\/v2\/pages\/79\/revisions\/2076"}],"up":[{"embeddable":true,"href":"https:\/\/mediapsyazur.com\/index.php?rest_route=\/wp\/v2\/pages\/23"}],"wp:attachment":[{"href":"https:\/\/mediapsyazur.com\/index.php?rest_route=%2Fwp%2Fv2%2Fmedia&parent=79"}],"curies":[{"name":"wp","href":"https:\/\/api.w.org\/{rel}","templated":true}]}}