{"id":74,"date":"2015-01-29T23:21:40","date_gmt":"2015-01-29T22:21:40","guid":{"rendered":"http:\/\/mediapsy:8080\/?page_id=74"},"modified":"2021-10-03T09:22:31","modified_gmt":"2021-10-03T08:22:31","slug":"pole-parentalite","status":"publish","type":"page","link":"https:\/\/mediapsyazur.com\/?page_id=74","title":{"rendered":"Parentalit\u00e9"},"content":{"rendered":"<p>Que signifie \u00e9duquer un enfant ?<br \/>\nL\u2019action entreprise par notre association\u00a0 vise \u00e0 travailler avec les parents la possibilit\u00e9 de transmettre, dans une r\u00e9flexion en profondeur, une <strong>filiation coh\u00e9rente et structurante<\/strong> pour leurs enfants. Il s\u2019agit, non pas d\u2019instruire les parents, mais de les aider \u00e0 comprendre ce qu\u2019ils font. Au travers d\u2019entretiens familiaux, de groupes de travail, de <a href=\"http:\/\/mediapsyazur.com\/?page_id=512\">d\u00e9bats<\/a>, les parents se sentent accompagn\u00e9s et \u00e9clair\u00e9s pour construire \u00a0de mani\u00e8re singuli\u00e8re ce que signifie pour eux \u00eatre parents.<\/p>\n","protected":false},"excerpt":{"rendered":"<p>Que signifie \u00e9duquer un enfant ? L\u2019action entreprise par notre association\u00a0 vise \u00e0 travailler avec les parents la possibilit\u00e9 de transmettre, dans une r\u00e9flexion en profondeur, une filiation coh\u00e9rente et structurante pour leurs enfants. Il s\u2019agit, non pas d\u2019instruire les parents, mais de les aider \u00e0 comprendre ce qu\u2019ils font. Au travers d\u2019entretiens familiaux, de [&hellip;]<\/p>\n","protected":false},"author":1,"featured_media":0,"parent":23,"menu_order":0,"comment_status":"open","ping_status":"open","template":"","meta":{"footnotes":""},"class_list":["post-74","page","type-page","status-publish","hentry"],"jetpack_sharing_enabled":true,"_links":{"self":[{"href":"https:\/\/mediapsyazur.com\/index.php?rest_route=\/wp\/v2\/pages\/74","targetHints":{"allow":["GET"]}}],"collection":[{"href":"https:\/\/mediapsyazur.com\/index.php?rest_route=\/wp\/v2\/pages"}],"about":[{"href":"https:\/\/mediapsyazur.com\/index.php?rest_route=\/wp\/v2\/types\/page"}],"author":[{"embeddable":true,"href":"https:\/\/mediapsyazur.com\/index.php?rest_route=\/wp\/v2\/users\/1"}],"replies":[{"embeddable":true,"href":"https:\/\/mediapsyazur.com\/index.php?rest_route=%2Fwp%2Fv2%2Fcomments&post=74"}],"version-history":[{"count":12,"href":"https:\/\/mediapsyazur.com\/index.php?rest_route=\/wp\/v2\/pages\/74\/revisions"}],"predecessor-version":[{"id":1463,"href":"https:\/\/mediapsyazur.com\/index.php?rest_route=\/wp\/v2\/pages\/74\/revisions\/1463"}],"up":[{"embeddable":true,"href":"https:\/\/mediapsyazur.com\/index.php?rest_route=\/wp\/v2\/pages\/23"}],"wp:attachment":[{"href":"https:\/\/mediapsyazur.com\/index.php?rest_route=%2Fwp%2Fv2%2Fmedia&parent=74"}],"curies":[{"name":"wp","href":"https:\/\/api.w.org\/{rel}","templated":true}]}}