{"id":512,"date":"2016-02-11T13:33:54","date_gmt":"2016-02-11T12:33:54","guid":{"rendered":"http:\/\/mediapsyazur.fr\/?page_id=512"},"modified":"2022-08-23T20:26:02","modified_gmt":"2022-08-23T19:26:02","slug":"groupes-de-parole","status":"publish","type":"page","link":"https:\/\/mediapsyazur.com\/?page_id=512","title":{"rendered":"Ateliers-d\u00e9bats"},"content":{"rendered":"<h3><strong>Nous proposons un espace o\u00f9 des difficult\u00e9s communes peuvent \u00eatre abord\u00e9es, avec une acceptation de solutions singuli\u00e8res \u00e0 chacune.<\/strong><\/h3>\n<p style=\"text-align: justify;\">Ces\u00a0groupes de parole \u00e0 th\u00e8me s&rsquo;adressent aux parents, enfants, adolescents et jeunes adultes.<\/p>\n<p style=\"text-align: justify;\">Ils sont anim\u00e9s \u00e0 la fois par un psychologue et un intervenant de formation diff\u00e9rente (conseill\u00e8re d&rsquo;orientation, \u00e9ducateur, enseignant)<\/p>\n<p style=\"text-align: justify;\"><strong>\u00a0 \u00a0 \u00a0 \u00a0 \u00a0 Th\u00e8mes propos\u00e9s<\/strong><\/p>\n<ul>\n<li style=\"text-align: justify;\">\u00a0R\u00e9ussite et \u00e9chec scolaire.<\/li>\n<li style=\"text-align: justify;\">L\u2019exp\u00e9rience de l\u2019adolescent\u00a0: de l\u2019apprentissage par le jeu \u00e0 l\u2019addiction (internet, jeux vid\u00e9os, tel, facebook).<\/li>\n<li style=\"text-align: justify;\">L\u2019autorit\u00e9 parentale en question\u00a0; qu\u2019est-ce qui fait autorit\u00e9\u00a0?<\/li>\n<li style=\"text-align: justify;\">La scolarit\u00e9 de\u00a0 l\u2019adolescent : entre soutien et contrainte, comment s\u2019impliquer en tant que parent.<\/li>\n<li>La relation parent-enseignant face \u00e0 l\u2019adolescent.<\/li>\n<li>Les d\u00e9pendances \u00e0 l\u2019adolescence\u00a0: drogue, alcool, cigarettes, d\u00e9pendances affectives<\/li>\n<li>La construction de la sexualit\u00e9<\/li>\n<li>La violence adolescente\u00a0: violence intra et extra-familiale.<\/li>\n<\/ul>\n","protected":false},"excerpt":{"rendered":"<p>Nous proposons un espace o\u00f9 des difficult\u00e9s communes peuvent \u00eatre abord\u00e9es, avec une acceptation de solutions singuli\u00e8res \u00e0 chacune. Ces\u00a0groupes de parole \u00e0 th\u00e8me s&rsquo;adressent aux parents, enfants, adolescents et jeunes adultes. Ils sont anim\u00e9s \u00e0 la fois par un psychologue et un intervenant de formation diff\u00e9rente (conseill\u00e8re d&rsquo;orientation, \u00e9ducateur, enseignant) \u00a0 \u00a0 \u00a0 \u00a0 [&hellip;]<\/p>\n","protected":false},"author":1,"featured_media":0,"parent":129,"menu_order":0,"comment_status":"closed","ping_status":"closed","template":"","meta":{"footnotes":""},"class_list":["post-512","page","type-page","status-publish","hentry"],"jetpack_sharing_enabled":true,"_links":{"self":[{"href":"https:\/\/mediapsyazur.com\/index.php?rest_route=\/wp\/v2\/pages\/512","targetHints":{"allow":["GET"]}}],"collection":[{"href":"https:\/\/mediapsyazur.com\/index.php?rest_route=\/wp\/v2\/pages"}],"about":[{"href":"https:\/\/mediapsyazur.com\/index.php?rest_route=\/wp\/v2\/types\/page"}],"author":[{"embeddable":true,"href":"https:\/\/mediapsyazur.com\/index.php?rest_route=\/wp\/v2\/users\/1"}],"replies":[{"embeddable":true,"href":"https:\/\/mediapsyazur.com\/index.php?rest_route=%2Fwp%2Fv2%2Fcomments&post=512"}],"version-history":[{"count":16,"href":"https:\/\/mediapsyazur.com\/index.php?rest_route=\/wp\/v2\/pages\/512\/revisions"}],"predecessor-version":[{"id":2075,"href":"https:\/\/mediapsyazur.com\/index.php?rest_route=\/wp\/v2\/pages\/512\/revisions\/2075"}],"up":[{"embeddable":true,"href":"https:\/\/mediapsyazur.com\/index.php?rest_route=\/wp\/v2\/pages\/129"}],"wp:attachment":[{"href":"https:\/\/mediapsyazur.com\/index.php?rest_route=%2Fwp%2Fv2%2Fmedia&parent=512"}],"curies":[{"name":"wp","href":"https:\/\/api.w.org\/{rel}","templated":true}]}}