{"id":23,"date":"2015-01-19T21:40:30","date_gmt":"2015-01-19T21:40:30","guid":{"rendered":"http:\/\/mediapsy:8080\/?page_id=23"},"modified":"2021-10-03T09:28:24","modified_gmt":"2021-10-03T08:28:24","slug":"specialites","status":"publish","type":"page","link":"https:\/\/mediapsyazur.com\/?page_id=23","title":{"rendered":"Domaines d&rsquo;actions"},"content":{"rendered":"<p>Mediapsy azur s\u2019oriente autour de plusieurs p\u00f4les:<\/p>\n<ul class=\"sub-menu\">\n<li id=\"menu-item-90\" class=\"menu-item menu-item-type-post_type menu-item-object-page menu-item-90\"><a href=\"http:\/\/mediapsyazur.com\/?page_id=1465\">Probl\u00e9matiques adolescentes<\/a><\/li>\n<li class=\"menu-item menu-item-type-post_type menu-item-object-page menu-item-90\"><a href=\"http:\/\/mediapsyazur.com\/?page_id=74\">Parentalit\u00e9<\/a><\/li>\n<li class=\"menu-item menu-item-type-post_type menu-item-object-page menu-item-90\"><a href=\"http:\/\/mediapsyazur.com\/?page_id=79\">R\u00e9insertion sociale <\/a><\/li>\n<\/ul>\n","protected":false},"excerpt":{"rendered":"<p>Mediapsy azur s\u2019oriente autour de plusieurs p\u00f4les: Probl\u00e9matiques adolescentes Parentalit\u00e9 R\u00e9insertion sociale<\/p>\n","protected":false},"author":1,"featured_media":0,"parent":0,"menu_order":0,"comment_status":"closed","ping_status":"open","template":"","meta":{"footnotes":""},"class_list":["post-23","page","type-page","status-publish","hentry"],"jetpack_sharing_enabled":true,"_links":{"self":[{"href":"https:\/\/mediapsyazur.com\/index.php?rest_route=\/wp\/v2\/pages\/23","targetHints":{"allow":["GET"]}}],"collection":[{"href":"https:\/\/mediapsyazur.com\/index.php?rest_route=\/wp\/v2\/pages"}],"about":[{"href":"https:\/\/mediapsyazur.com\/index.php?rest_route=\/wp\/v2\/types\/page"}],"author":[{"embeddable":true,"href":"https:\/\/mediapsyazur.com\/index.php?rest_route=\/wp\/v2\/users\/1"}],"replies":[{"embeddable":true,"href":"https:\/\/mediapsyazur.com\/index.php?rest_route=%2Fwp%2Fv2%2Fcomments&post=23"}],"version-history":[{"count":19,"href":"https:\/\/mediapsyazur.com\/index.php?rest_route=\/wp\/v2\/pages\/23\/revisions"}],"predecessor-version":[{"id":1471,"href":"https:\/\/mediapsyazur.com\/index.php?rest_route=\/wp\/v2\/pages\/23\/revisions\/1471"}],"wp:attachment":[{"href":"https:\/\/mediapsyazur.com\/index.php?rest_route=%2Fwp%2Fv2%2Fmedia&parent=23"}],"curies":[{"name":"wp","href":"https:\/\/api.w.org\/{rel}","templated":true}]}}