{"id":129,"date":"2015-02-20T16:39:13","date_gmt":"2015-02-20T15:39:13","guid":{"rendered":"http:\/\/mediapsyazur.fr\/?page_id=129"},"modified":"2021-10-03T10:14:11","modified_gmt":"2021-10-03T09:14:11","slug":"moyens-dactions","status":"publish","type":"page","link":"https:\/\/mediapsyazur.com\/?page_id=129","title":{"rendered":"Moyens d&rsquo;actions"},"content":{"rendered":"<p>Le sympt\u00f4me se pr\u00e9sente sous diff\u00e9rentes facettes et soutient toujours plusieurs dimensions de l\u2019humain\u00a0: organique, psychique, sociale.\u00a0 Un m\u00eame sympt\u00f4me peut donc \u00eatre appr\u00e9hend\u00e9 selon diff\u00e9rentes fa\u00e7ons, et trait\u00e9 avec des outils vari\u00e9s. Mediapsy azur utilise plusieurs moyens d&rsquo;actions:<\/p>\n<ul class=\"sub-menu\">\n<li id=\"menu-item-175\" class=\"menu-item menu-item-type-post_type menu-item-object-page menu-item-175\"><span style=\"color: #0000ff;\">M\u00e9diations th\u00e9rapeutiques<\/span><\/li>\n<li id=\"menu-item-517\" class=\"menu-item menu-item-type-post_type menu-item-object-page menu-item-517\"><span style=\"color: #0000ff;\">Ateliers-d\u00e9bats<\/span><\/li>\n<li id=\"menu-item-517\" class=\"menu-item menu-item-type-post_type menu-item-object-page menu-item-517\"><span style=\"color: #0000ff;\">Th\u00e9rapies Interdisciplinaires<\/span><\/li>\n<\/ul>\n","protected":false},"excerpt":{"rendered":"<p>Le sympt\u00f4me se pr\u00e9sente sous diff\u00e9rentes facettes et soutient toujours plusieurs dimensions de l\u2019humain\u00a0: organique, psychique, sociale.\u00a0 Un m\u00eame sympt\u00f4me peut donc \u00eatre appr\u00e9hend\u00e9 selon diff\u00e9rentes fa\u00e7ons, et trait\u00e9 avec des outils vari\u00e9s. Mediapsy azur utilise plusieurs moyens d&rsquo;actions: M\u00e9diations th\u00e9rapeutiques Ateliers-d\u00e9bats Th\u00e9rapies Interdisciplinaires<\/p>\n","protected":false},"author":2,"featured_media":0,"parent":0,"menu_order":0,"comment_status":"open","ping_status":"closed","template":"","meta":{"footnotes":""},"class_list":["post-129","page","type-page","status-publish","hentry"],"jetpack_sharing_enabled":true,"_links":{"self":[{"href":"https:\/\/mediapsyazur.com\/index.php?rest_route=\/wp\/v2\/pages\/129","targetHints":{"allow":["GET"]}}],"collection":[{"href":"https:\/\/mediapsyazur.com\/index.php?rest_route=\/wp\/v2\/pages"}],"about":[{"href":"https:\/\/mediapsyazur.com\/index.php?rest_route=\/wp\/v2\/types\/page"}],"author":[{"embeddable":true,"href":"https:\/\/mediapsyazur.com\/index.php?rest_route=\/wp\/v2\/users\/2"}],"replies":[{"embeddable":true,"href":"https:\/\/mediapsyazur.com\/index.php?rest_route=%2Fwp%2Fv2%2Fcomments&post=129"}],"version-history":[{"count":10,"href":"https:\/\/mediapsyazur.com\/index.php?rest_route=\/wp\/v2\/pages\/129\/revisions"}],"predecessor-version":[{"id":1487,"href":"https:\/\/mediapsyazur.com\/index.php?rest_route=\/wp\/v2\/pages\/129\/revisions\/1487"}],"wp:attachment":[{"href":"https:\/\/mediapsyazur.com\/index.php?rest_route=%2Fwp%2Fv2%2Fmedia&parent=129"}],"curies":[{"name":"wp","href":"https:\/\/api.w.org\/{rel}","templated":true}]}}